{"id":1524,"date":"2025-01-07T12:58:39","date_gmt":"2025-01-07T11:58:39","guid":{"rendered":"https:\/\/dragadosoffshore.com\/?page_id=1524"},"modified":"2025-01-07T13:03:10","modified_gmt":"2025-01-07T12:03:10","slug":"politica-de-cookies","status":"publish","type":"page","link":"https:\/\/dragadosoffshore.com\/en\/politica-de-cookies\/","title":{"rendered":"Pol\u00edtica de cookies"},"content":{"rendered":"<h4><span style=\"font-weight: 400;\">\u00bfQu\u00e9 es una cookie?<\/span><\/h4>\n<p><span style=\"font-weight: 400;\">Es un fichero que se descarga en su ordenador u otro dispositivo al acceder a determinadas p\u00e1ginas web que recogen informaci\u00f3n sobre su navegaci\u00f3n en dicho sitio web. En algunos casos las cookies resultan necesarias para facilitar la navegaci\u00f3n y permiten almacenar y recuperar informaci\u00f3n sobre los h\u00e1bitos de navegaci\u00f3n de un usuario o de su equipo, entre otras cosas y, seg\u00fan la informaci\u00f3n que contengan y de la forma en que utilice su equipo, pueden utilizarse para reconocer al usuario.<\/span><\/p>\n<h4><span style=\"font-weight: 400;\">Identificaci\u00f3n de cookies utilizadas<\/span><\/h4>\n<p><span style=\"font-weight: 400;\">Siguiendo las directrices establecidas por la Agencia Espa\u00f1ola de Protecci\u00f3n de Datos, las cookies empleadas en esta web se clasifican de la siguiente forma:<\/span><\/p>\n<ul>\n<li style=\"font-weight: 400;\" aria-level=\"1\"><b>Cookies propias:<\/b><span style=\"font-weight: 400;\"> Son aqu\u00e9llas que se env\u00edan al equipo terminal del usuario desde un equipo o dominio gestionado por el propio editor y desde el que se presta el servicio solicitado por el usuario.<\/span><\/li>\n<li style=\"font-weight: 400;\" aria-level=\"1\"><b>Cookies de terceros<\/b><span style=\"font-weight: 400;\">: Son aqu\u00e9llas que se env\u00edan al equipo terminal del usuario desde un equipo o dominio que no es gestionado por el editor, sino por otra entidad que trata los datos obtenidos trav\u00e9s de las cookies.<\/span><\/li>\n<li style=\"font-weight: 400;\" aria-level=\"1\"><b>Cookies de sesi\u00f3n<\/b><span style=\"font-weight: 400;\">: Recaban y almacenan datos mientras el usuario accede a una p\u00e1gina web.<\/span><span style=\"font-weight: 400;\"><br \/>\n<\/span><span style=\"font-weight: 400;\">Cookies persistentes: Almacenan los datos en el terminal de manera que pueden ser accedidos y tratados durante un periodo definido por el responsable de la cookie (de unos minutos a varios a\u00f1os).<\/span><\/li>\n<li style=\"font-weight: 400;\" aria-level=\"1\"><b>Cookies t\u00e9cnicas<\/b><span style=\"font-weight: 400;\">: Permiten al usuario la navegaci\u00f3n a trav\u00e9s de una p\u00e1gina web, plataforma o aplicaci\u00f3n y la utilizaci\u00f3n de las diferentes opciones o servicios que en ella existan.<\/span><\/li>\n<li style=\"font-weight: 400;\" aria-level=\"1\"><b>Cookies de personalizaci\u00f3n<\/b><span style=\"font-weight: 400;\">: Permiten al usuario acceder al servicio con algunas caracter\u00edsticas de car\u00e1cter general predefinidas en funci\u00f3n de una serie de criterios en el terminal del usuario como por ejemplo serian el idioma, el tipo de navegador a trav\u00e9s del cual accede al servicio, la configuraci\u00f3n regional desde donde accede al servicio, etc.<\/span><\/li>\n<li style=\"font-weight: 400;\" aria-level=\"1\"><b>Cookies de an\u00e1lisis<\/b><span style=\"font-weight: 400;\">: Permiten al responsable de las mismas, el seguimiento y an\u00e1lisis del comportamiento de los usuarios de los sitios web a los que est\u00e1n vinculadas. La informaci\u00f3n recogida mediante este tipo de cookies se utiliza en la medici\u00f3n de la actividad de los sitios web, aplicaci\u00f3n o plataforma y para la elaboraci\u00f3n de perfiles de navegaci\u00f3n de los usuarios de dichos sitios, aplicaciones y plataformas, con el fin de introducir mejoras en funci\u00f3n del an\u00e1lisis de los datos de uso que hacen los usuarios del servicio.<\/span><\/li>\n<\/ul>\n<p><span style=\"font-weight: 400;\">La siguiente tabla muestra las cookies propias y de terceros de la web <\/span><span style=\"font-weight: 400;\"><a href=\"https:\/\/www.dragadosoffshore.com\/\">www.dragadosoffshore.com\/<\/a> \u00a0y la finalidad para la que se utiliza cada una.<\/span><\/p>\n<p><span style=\"font-weight: 400;\">Aqu\u00ed tienes un cuadro organizado con los datos proporcionados:<\/span><\/p>\n<table>\n<tbody>\n<tr>\n<td><b>Cookie<\/b><\/td>\n<td><b>Dominio<\/b><\/td>\n<td><b>Descripci\u00f3n<\/b><\/td>\n<td><b>Duraci\u00f3n<\/b><\/td>\n<td><b>Tipo<\/b><\/td>\n<\/tr>\n<tr>\n<td><span style=\"font-weight: 400;\">wpglobus-language-old<\/span><\/td>\n<td><span style=\"font-weight: 400;\">dragadosoffshore.com<\/span><\/td>\n<td><span style=\"font-weight: 400;\">WPGlobus establece esta cookie para almacenar la configuraci\u00f3n del idioma.<\/span><\/td>\n<td><span style=\"font-weight: 400;\">1 a\u00f1o<\/span><\/td>\n<td><span style=\"font-weight: 400;\">Funcional<\/span><\/td>\n<\/tr>\n<tr>\n<td><span style=\"font-weight: 400;\">wpglobus-language<\/span><\/td>\n<td><span style=\"font-weight: 400;\">dragadosoffshore.com<\/span><\/td>\n<td><span style=\"font-weight: 400;\">WPGlobus establece esta cookie para almacenar la configuraci\u00f3n del idioma.<\/span><\/td>\n<td><span style=\"font-weight: 400;\">1 a\u00f1o<\/span><\/td>\n<td><span style=\"font-weight: 400;\">Funcional<\/span><\/td>\n<\/tr>\n<tr>\n<td><span style=\"font-weight: 400;\">wpEmojiSettingsSupports<\/span><\/td>\n<td><span style=\"font-weight: 400;\">dragadosoffshore.com<\/span><\/td>\n<td><span style=\"font-weight: 400;\">WordPress establece esta cookie cuando un usuario interact\u00faa con emojis, para verificar compatibilidad del navegador.<\/span><\/td>\n<td><span style=\"font-weight: 400;\">Sesi\u00f3n<\/span><\/td>\n<td><span style=\"font-weight: 400;\">Necesaria<\/span><\/td>\n<\/tr>\n<\/tbody>\n<\/table>\n<p><span style=\"font-weight: 400;\">Inc., una compa\u00f1\u00eda de Delaware cuya oficina principal est\u00e1 en 1600 Amphitheatre Parkway, Mountain View (California), CA 94043, Estados Unidos. Algunos de los datos almacenados para posteriores an\u00e1lisis son: el n\u00famero de veces que el usuario ha visitado el sitio web, fechas de la primera y la \u00faltima visita del usuario, duraci\u00f3n de las visitas, p\u00e1gina desde la que el usuario ha accedido al sitio web, el motor de b\u00fasqueda que el usuario ha usado para llegar al sitio web o v\u00ednculo que ha seleccionado, lugar del mundo desde el que accede el usuario, etc. La configuraci\u00f3n de estas cookies est\u00e1 predeterminada por el servicio que ofrece Google, motivo por el cual le sugerimos que consulte la p\u00e1gina de privacidad de Google Analytics, https:\/\/www.google.com\/intl\/es\/analytics\/privacyoverview.html para obtener m\u00e1s informaci\u00f3n sobre las cookies que usa y c\u00f3mo deshabilitarlas (entendi\u00e9ndose que no somos responsables del contenido o la veracidad de los sitios web de terceros).<\/span><\/p>\n<h4><span style=\"font-weight: 400;\">Desactivaci\u00f3n de cookies<\/span><\/h4>\n<p><span style=\"font-weight: 400;\">Puede usted permitir, bloquear o eliminar las cookies instaladas en su equipo mediante la configuraci\u00f3n de las opciones del navegador instalado en su ordenador. Por favor, lea atentamente la secci\u00f3n de ayuda de su navegador para conocer m\u00e1s acerca de c\u00f3mo activar el \u201cmodo privado\u201d o desbloquear determinadas cookies.<\/span><\/p>\n<ul>\n<li style=\"font-weight: 400;\" aria-level=\"1\"><span style=\"font-weight: 400;\">Para m\u00e1s informaci\u00f3n sobre el navegador Explorer <\/span><a href=\"https:\/\/windows.microsoft.com\/es-es\/windows-vista\/Block-or-allow-cookies\"><span style=\"font-weight: 400;\">pulse aqu\u00ed<\/span><\/a><span style=\"font-weight: 400;\">.<\/span><\/li>\n<li style=\"font-weight: 400;\" aria-level=\"1\"><span style=\"font-weight: 400;\">Para m\u00e1s informaci\u00f3n sobre el navegador Firefox <\/span><a href=\"https:\/\/support.mozilla.org\/es\/kb\/habilitar-y-deshabilitar-cookies-que-los-sitios-we\"><span style=\"font-weight: 400;\">pulse aqu\u00ed<\/span><\/a><span style=\"font-weight: 400;\">.<\/span><\/li>\n<li style=\"font-weight: 400;\" aria-level=\"1\"><span style=\"font-weight: 400;\">Para m\u00e1s informaci\u00f3n sobre navegador Opera <\/span><a href=\"https:\/\/help.opera.com\/Windows\/11.50\/es-ES\/cookies.html\"><span style=\"font-weight: 400;\">pulse aqu\u00ed<\/span><\/a><span style=\"font-weight: 400;\">.<\/span><\/li>\n<li style=\"font-weight: 400;\" aria-level=\"1\"><span style=\"font-weight: 400;\">Para m\u00e1s informaci\u00f3n sobre navegador Google Chrome <\/span><a href=\"https:\/\/support.google.com\/accounts\/answer\/61416?hl=es\"><span style=\"font-weight: 400;\">pulse aqu\u00ed<\/span><\/a><span style=\"font-weight: 400;\">.<\/span><\/li>\n<li style=\"font-weight: 400;\" aria-level=\"1\"><span style=\"font-weight: 400;\">Para m\u00e1s informaci\u00f3n sobre navegador Safari <\/span><a href=\"https:\/\/support.apple.com\/kb\/HT1677?viewlocale=es_ES\"><span style=\"font-weight: 400;\">pulse aqu\u00ed<\/span><\/a><span style=\"font-weight: 400;\">.<\/span><\/li>\n<\/ul>\n<h4><span style=\"font-weight: 400;\">Desactivaci\u00f3n o eliminaci\u00f3n de cookies pertenecientes a Google Analytics<\/span><\/h4>\n<p><span style=\"font-weight: 400;\">Si acepta el uso de cookies pertenecientes a Google Ananlytics podr\u00e1 desinstalarlas posteriormente mediante la configuraci\u00f3n de su navegador, tal y como se ha indicado, o instalando el complemento de inhabilitaci\u00f3n de Google Analytics: <\/span><a href=\"https:\/\/tools.google.com\/dlpage\/gaoptout?hl=es\"><span style=\"font-weight: 400;\">https:\/\/tools.google.com\/dlpage\/gaoptout?hl=es<\/span><\/a><span style=\"font-weight: 400;\">.<\/span><\/p>\n<p><span style=\"font-weight: 400;\">\u00daltima actualizaci\u00f3n: 01 de agosto de 2024.<\/span><\/p>\n","protected":false},"excerpt":{"rendered":"<p>\u00bfQu\u00e9 es una cookie? Es un fichero que se descarga en su ordenador u otro dispositivo al acceder a determinadas p\u00e1ginas web que recogen informaci\u00f3n sobre su navegaci\u00f3n en dicho sitio web. En algunos casos las cookies resultan necesarias para facilitar la navegaci\u00f3n y permiten almacenar y recuperar informaci\u00f3n sobre los h\u00e1bitos de navegaci\u00f3n de [&hellip;]<\/p>\n","protected":false},"author":9,"featured_media":0,"parent":0,"menu_order":0,"comment_status":"closed","ping_status":"closed","template":"","meta":{"_acf_changed":false,"footnotes":""},"class_list":["post-1524","page","type-page","status-publish","hentry"],"translation":{"provider":"WPGlobus","version":"3.0.0","language":"en","enabled_languages":["es","en"],"languages":{"es":{"title":true,"content":true,"excerpt":false},"en":{"title":false,"content":false,"excerpt":false}}},"acf":[],"yoast_head":"<title>Pol\u00edtica de cookies - Dragados Offshore<\/title>\n<meta name=\"robots\" content=\"index, follow, max-snippet:-1, max-image-preview:large, max-video-preview:-1\" \/>\n<link rel=\"canonical\" href=\"https:\/\/dragadosoffshore.com\/politica-de-cookies\/\" \/>\n<meta property=\"og:locale\" content=\"en_US\" \/>\n<meta property=\"og:type\" content=\"article\" \/>\n<meta property=\"og:title\" content=\"Pol\u00edtica de cookies - Dragados Offshore\" \/>\n<meta property=\"og:url\" content=\"https:\/\/dragadosoffshore.com\/politica-de-cookies\/\" \/>\n<meta property=\"og:site_name\" content=\"Dragados Offshore\" \/>\n<meta property=\"article:modified_time\" content=\"2025-01-07T12:03:10+00:00\" \/>\n<meta name=\"twitter:card\" content=\"summary_large_image\" \/>\n<meta name=\"twitter:label1\" content=\"Est. reading time\" \/>\n\t<meta name=\"twitter:data1\" content=\"4 minutes\" \/>\n<script type=\"application\/ld+json\" class=\"yoast-schema-graph\">{\"@context\":\"https:\/\/schema.org\",\"@graph\":[{\"@type\":\"WebPage\",\"@id\":\"https:\/\/dragadosoffshore.com\/politica-de-cookies\/\",\"url\":\"https:\/\/dragadosoffshore.com\/politica-de-cookies\/\",\"name\":\"Pol\u00edtica de cookies - Dragados Offshore\",\"isPartOf\":{\"@id\":\"https:\/\/dragadosoffshore.com\/#website\"},\"datePublished\":\"2025-01-07T11:58:39+00:00\",\"dateModified\":\"2025-01-07T12:03:10+00:00\",\"breadcrumb\":{\"@id\":\"https:\/\/dragadosoffshore.com\/politica-de-cookies\/#breadcrumb\"},\"inLanguage\":\"en-US\",\"potentialAction\":[{\"@type\":\"ReadAction\",\"target\":[\"https:\/\/dragadosoffshore.com\/politica-de-cookies\/\"]}]},{\"@type\":\"BreadcrumbList\",\"@id\":\"https:\/\/dragadosoffshore.com\/politica-de-cookies\/#breadcrumb\",\"itemListElement\":[{\"@type\":\"ListItem\",\"position\":1,\"name\":\"Portada\",\"item\":\"https:\/\/dragadosoffshore.com\/\"},{\"@type\":\"ListItem\",\"position\":2,\"name\":\"Pol\u00edtica de cookies\"}]},{\"@type\":\"WebSite\",\"@id\":\"https:\/\/dragadosoffshore.com\/#website\",\"url\":\"https:\/\/dragadosoffshore.com\/\",\"name\":\"Dragados Offshore\",\"description\":\"Dragados Offshore\",\"potentialAction\":[{\"@type\":\"SearchAction\",\"target\":{\"@type\":\"EntryPoint\",\"urlTemplate\":\"https:\/\/dragadosoffshore.com\/?s={search_term_string}\"},\"query-input\":{\"@type\":\"PropertyValueSpecification\",\"valueRequired\":true,\"valueName\":\"search_term_string\"}}],\"inLanguage\":\"en-US\"}]}<\/script>","yoast_head_json":{"title":"Pol\u00edtica de cookies - Dragados Offshore","robots":{"index":"index","follow":"follow","max-snippet":"max-snippet:-1","max-image-preview":"max-image-preview:large","max-video-preview":"max-video-preview:-1"},"canonical":"https:\/\/dragadosoffshore.com\/politica-de-cookies\/","og_locale":"en_US","og_type":"article","og_title":"Pol\u00edtica de cookies - Dragados Offshore","og_url":"https:\/\/dragadosoffshore.com\/politica-de-cookies\/","og_site_name":"Dragados Offshore","article_modified_time":"2025-01-07T12:03:10+00:00","twitter_card":"summary_large_image","twitter_misc":{"Est. reading time":"4 minutes"},"schema":{"@context":"https:\/\/schema.org","@graph":[{"@type":"WebPage","@id":"https:\/\/dragadosoffshore.com\/politica-de-cookies\/","url":"https:\/\/dragadosoffshore.com\/politica-de-cookies\/","name":"Pol\u00edtica de cookies - Dragados Offshore","isPartOf":{"@id":"https:\/\/dragadosoffshore.com\/#website"},"datePublished":"2025-01-07T11:58:39+00:00","dateModified":"2025-01-07T12:03:10+00:00","breadcrumb":{"@id":"https:\/\/dragadosoffshore.com\/politica-de-cookies\/#breadcrumb"},"inLanguage":"en-US","potentialAction":[{"@type":"ReadAction","target":["https:\/\/dragadosoffshore.com\/politica-de-cookies\/"]}]},{"@type":"BreadcrumbList","@id":"https:\/\/dragadosoffshore.com\/politica-de-cookies\/#breadcrumb","itemListElement":[{"@type":"ListItem","position":1,"name":"Portada","item":"https:\/\/dragadosoffshore.com\/"},{"@type":"ListItem","position":2,"name":"Pol\u00edtica de cookies"}]},{"@type":"WebSite","@id":"https:\/\/dragadosoffshore.com\/#website","url":"https:\/\/dragadosoffshore.com\/","name":"Dragados Offshore","description":"Dragados Offshore","potentialAction":[{"@type":"SearchAction","target":{"@type":"EntryPoint","urlTemplate":"https:\/\/dragadosoffshore.com\/?s={search_term_string}"},"query-input":{"@type":"PropertyValueSpecification","valueRequired":true,"valueName":"search_term_string"}}],"inLanguage":"en-US"}]}},"_links":{"self":[{"href":"https:\/\/dragadosoffshore.com\/en\/wp-json\/wp\/v2\/pages\/1524","targetHints":{"allow":["GET"]}}],"collection":[{"href":"https:\/\/dragadosoffshore.com\/en\/wp-json\/wp\/v2\/pages"}],"about":[{"href":"https:\/\/dragadosoffshore.com\/en\/wp-json\/wp\/v2\/types\/page"}],"author":[{"embeddable":true,"href":"https:\/\/dragadosoffshore.com\/en\/wp-json\/wp\/v2\/users\/9"}],"replies":[{"embeddable":true,"href":"https:\/\/dragadosoffshore.com\/en\/wp-json\/wp\/v2\/comments?post=1524"}],"version-history":[{"count":4,"href":"https:\/\/dragadosoffshore.com\/en\/wp-json\/wp\/v2\/pages\/1524\/revisions"}],"predecessor-version":[{"id":1526,"href":"https:\/\/dragadosoffshore.com\/en\/wp-json\/wp\/v2\/pages\/1524\/revisions\/1526"}],"wp:attachment":[{"href":"https:\/\/dragadosoffshore.com\/en\/wp-json\/wp\/v2\/media?parent=1524"}],"curies":[{"name":"wp","href":"https:\/\/api.w.org\/{rel}","templated":true}]}}